{"id":133,"date":"2018-08-27T22:09:42","date_gmt":"2018-08-27T20:09:42","guid":{"rendered":"http:\/\/localhost:8888\/christineturlier\/publications\/"},"modified":"2019-12-10T11:47:15","modified_gmt":"2019-12-10T10:47:15","slug":"publications","status":"publish","type":"page","link":"https:\/\/christineturlier.com\/en\/publications\/","title":{"rendered":"Publications"},"content":{"rendered":"[spb_blog blog_type=&#8221;standard&#8221; gutters=&#8221;yes&#8221; columns=&#8221;4&#8243; fullwidth=&#8221;no&#8221; item_count=&#8221;5&#8243; category=&#8221;All&#8221; offset=&#8221;0&#8243; order_by=&#8221;date&#8221; order=&#8221;DESC&#8221; show_title=&#8221;yes&#8221; show_excerpt=&#8221;yes&#8221; show_details=&#8221;yes&#8221; excerpt_length=&#8221;100&#8243; content_output=&#8221;excerpt&#8221; show_read_more=&#8221;yes&#8221; social_integration=&#8221;no&#8221; blog_filter=&#8221;no&#8221; basic_blog_filter=&#8221;no&#8221; pagination=&#8221;infinite-scroll&#8221; el_class=&#8221;col-sm-9&#8243; width=&#8221;1\/1&#8243; el_position=&#8221;first last&#8221;]\n","protected":false},"excerpt":{"rendered":"<p>[spb_blog blog_type=&#8221;standard&#8221; gutters=&#8221;yes&#8221; columns=&#8221;4&#8243; fullwidth=&#8221;no&#8221; item_count=&#8221;5&#8243; category=&#8221;All&#8221; offset=&#8221;0&#8243; order_by=&#8221;date&#8221; order=&#8221;DESC&#8221; show_title=&#8221;yes&#8221; show_excerpt=&#8221;yes&#8221; show_details=&#8221;yes&#8221; excerpt_length=&#8221;100&#8243; content_output=&#8221;excerpt&#8221; show_read_more=&#8221;yes&#8221; social_integration=&#8221;no&#8221; blog_filter=&#8221;no&#8221; basic_blog_filter=&#8221;no&#8221; pagination=&#8221;infinite-scroll&#8221; el_class=&#8221;col-sm-9&#8243; width=&#8221;1\/1&#8243; el_position=&#8221;first last&#8221;]<\/p>\n","protected":false},"author":1,"featured_media":512,"parent":0,"menu_order":0,"comment_status":"closed","ping_status":"closed","template":"","meta":{"footnotes":""},"class_list":["post-133","page","type-page","status-publish","has-post-thumbnail","hentry"],"yoast_head":"<!-- This site is optimized with the Yoast SEO plugin v27.6 - https:\/\/yoast.com\/product\/yoast-seo-wordpress\/ -->\n<title>Christine Turlier &amp; Partners - Actualit\u00e9s en droit patrimonial<\/title>\n<meta name=\"description\" content=\"Les avocats du Cabinet Christine Turlier &amp; Partners mettent \u00e0 votre dispositions des articles juridiques li\u00e9s \u00e0 l&#039;actualit\u00e9 du droit patrimonial\" \/>\n<meta name=\"robots\" content=\"index, follow, max-snippet:-1, max-image-preview:large, max-video-preview:-1\" \/>\n<link rel=\"canonical\" href=\"https:\/\/christineturlier.com\/en\/publications\/\" \/>\n<meta property=\"og:locale\" content=\"en_US\" \/>\n<meta property=\"og:type\" content=\"article\" \/>\n<meta property=\"og:title\" content=\"Christine Turlier &amp; Partners - Actualit\u00e9s en droit patrimonial\" \/>\n<meta property=\"og:description\" content=\"Les avocats du Cabinet Christine Turlier &amp; Partners mettent \u00e0 votre dispositions des articles juridiques li\u00e9s \u00e0 l&#039;actualit\u00e9 du droit patrimonial\" \/>\n<meta property=\"og:url\" content=\"https:\/\/christineturlier.com\/en\/publications\/\" \/>\n<meta property=\"og:site_name\" content=\"Christine Turlier &amp; Partners\" \/>\n<meta property=\"article:modified_time\" content=\"2019-12-10T10:47:15+00:00\" \/>\n<meta property=\"og:image\" content=\"https:\/\/christineturlier.com\/wp-content\/uploads\/2018\/12\/Fiducie.jpg\" \/>\n\t<meta property=\"og:image:width\" content=\"3000\" \/>\n\t<meta property=\"og:image:height\" content=\"2000\" \/>\n\t<meta property=\"og:image:type\" content=\"image\/jpeg\" \/>\n<meta name=\"twitter:card\" content=\"summary_large_image\" \/>\n<script type=\"application\/ld+json\" class=\"yoast-schema-graph\">{\"@context\":\"https:\\\/\\\/schema.org\",\"@graph\":[{\"@type\":\"WebPage\",\"@id\":\"https:\\\/\\\/christineturlier.com\\\/en\\\/publications\\\/\",\"url\":\"https:\\\/\\\/christineturlier.com\\\/en\\\/publications\\\/\",\"name\":\"Christine Turlier &amp; Partners - Actualit\u00e9s en droit patrimonial\",\"isPartOf\":{\"@id\":\"https:\\\/\\\/christineturlier.com\\\/#website\"},\"primaryImageOfPage\":{\"@id\":\"https:\\\/\\\/christineturlier.com\\\/en\\\/publications\\\/#primaryimage\"},\"image\":{\"@id\":\"https:\\\/\\\/christineturlier.com\\\/en\\\/publications\\\/#primaryimage\"},\"thumbnailUrl\":\"https:\\\/\\\/christineturlier.com\\\/wp-content\\\/uploads\\\/2018\\\/12\\\/Fiducie.jpg\",\"datePublished\":\"2018-08-27T20:09:42+00:00\",\"dateModified\":\"2019-12-10T10:47:15+00:00\",\"description\":\"Les avocats du Cabinet Christine Turlier & Partners mettent \u00e0 votre dispositions des articles juridiques li\u00e9s \u00e0 l'actualit\u00e9 du droit patrimonial\",\"breadcrumb\":{\"@id\":\"https:\\\/\\\/christineturlier.com\\\/en\\\/publications\\\/#breadcrumb\"},\"inLanguage\":\"en-US\",\"potentialAction\":[{\"@type\":\"ReadAction\",\"target\":[\"https:\\\/\\\/christineturlier.com\\\/en\\\/publications\\\/\"]}]},{\"@type\":\"ImageObject\",\"inLanguage\":\"en-US\",\"@id\":\"https:\\\/\\\/christineturlier.com\\\/en\\\/publications\\\/#primaryimage\",\"url\":\"https:\\\/\\\/christineturlier.com\\\/wp-content\\\/uploads\\\/2018\\\/12\\\/Fiducie.jpg\",\"contentUrl\":\"https:\\\/\\\/christineturlier.com\\\/wp-content\\\/uploads\\\/2018\\\/12\\\/Fiducie.jpg\",\"width\":3000,\"height\":2000,\"caption\":\"Christine Turlier\"},{\"@type\":\"BreadcrumbList\",\"@id\":\"https:\\\/\\\/christineturlier.com\\\/en\\\/publications\\\/#breadcrumb\",\"itemListElement\":[{\"@type\":\"ListItem\",\"position\":1,\"name\":\"Accueil\",\"item\":\"https:\\\/\\\/christineturlier.com\\\/en\\\/accueil\\\/\"},{\"@type\":\"ListItem\",\"position\":2,\"name\":\"Publications\"}]},{\"@type\":\"WebSite\",\"@id\":\"https:\\\/\\\/christineturlier.com\\\/#website\",\"url\":\"https:\\\/\\\/christineturlier.com\\\/\",\"name\":\"Christine Turlier &amp; Partners\",\"description\":\"droit patrimonial\",\"publisher\":{\"@id\":\"https:\\\/\\\/christineturlier.com\\\/#organization\"},\"potentialAction\":[{\"@type\":\"SearchAction\",\"target\":{\"@type\":\"EntryPoint\",\"urlTemplate\":\"https:\\\/\\\/christineturlier.com\\\/?s={search_term_string}\"},\"query-input\":{\"@type\":\"PropertyValueSpecification\",\"valueRequired\":true,\"valueName\":\"search_term_string\"}}],\"inLanguage\":\"en-US\"},{\"@type\":\"Organization\",\"@id\":\"https:\\\/\\\/christineturlier.com\\\/#organization\",\"name\":\"Christine Turlier & Partners\",\"url\":\"https:\\\/\\\/christineturlier.com\\\/\",\"logo\":{\"@type\":\"ImageObject\",\"inLanguage\":\"en-US\",\"@id\":\"https:\\\/\\\/christineturlier.com\\\/#\\\/schema\\\/logo\\\/image\\\/\",\"url\":\"https:\\\/\\\/christineturlier.com\\\/wp-content\\\/uploads\\\/2020\\\/06\\\/Christine-Turlier-Partners.png\",\"contentUrl\":\"https:\\\/\\\/christineturlier.com\\\/wp-content\\\/uploads\\\/2020\\\/06\\\/Christine-Turlier-Partners.png\",\"width\":633,\"height\":633,\"caption\":\"Christine Turlier & Partners\"},\"image\":{\"@id\":\"https:\\\/\\\/christineturlier.com\\\/#\\\/schema\\\/logo\\\/image\\\/\"}}]}<\/script>\n<!-- \/ Yoast SEO plugin. -->","yoast_head_json":{"title":"Christine Turlier &amp; Partners - Actualit\u00e9s en droit patrimonial","description":"Les avocats du Cabinet Christine Turlier & Partners mettent \u00e0 votre dispositions des articles juridiques li\u00e9s \u00e0 l'actualit\u00e9 du droit patrimonial","robots":{"index":"index","follow":"follow","max-snippet":"max-snippet:-1","max-image-preview":"max-image-preview:large","max-video-preview":"max-video-preview:-1"},"canonical":"https:\/\/christineturlier.com\/en\/publications\/","og_locale":"en_US","og_type":"article","og_title":"Christine Turlier &amp; Partners - Actualit\u00e9s en droit patrimonial","og_description":"Les avocats du Cabinet Christine Turlier & Partners mettent \u00e0 votre dispositions des articles juridiques li\u00e9s \u00e0 l'actualit\u00e9 du droit patrimonial","og_url":"https:\/\/christineturlier.com\/en\/publications\/","og_site_name":"Christine Turlier &amp; Partners","article_modified_time":"2019-12-10T10:47:15+00:00","og_image":[{"width":3000,"height":2000,"url":"https:\/\/christineturlier.com\/wp-content\/uploads\/2018\/12\/Fiducie.jpg","type":"image\/jpeg"}],"twitter_card":"summary_large_image","schema":{"@context":"https:\/\/schema.org","@graph":[{"@type":"WebPage","@id":"https:\/\/christineturlier.com\/en\/publications\/","url":"https:\/\/christineturlier.com\/en\/publications\/","name":"Christine Turlier &amp; Partners - Actualit\u00e9s en droit patrimonial","isPartOf":{"@id":"https:\/\/christineturlier.com\/#website"},"primaryImageOfPage":{"@id":"https:\/\/christineturlier.com\/en\/publications\/#primaryimage"},"image":{"@id":"https:\/\/christineturlier.com\/en\/publications\/#primaryimage"},"thumbnailUrl":"https:\/\/christineturlier.com\/wp-content\/uploads\/2018\/12\/Fiducie.jpg","datePublished":"2018-08-27T20:09:42+00:00","dateModified":"2019-12-10T10:47:15+00:00","description":"Les avocats du Cabinet Christine Turlier & Partners mettent \u00e0 votre dispositions des articles juridiques li\u00e9s \u00e0 l'actualit\u00e9 du droit patrimonial","breadcrumb":{"@id":"https:\/\/christineturlier.com\/en\/publications\/#breadcrumb"},"inLanguage":"en-US","potentialAction":[{"@type":"ReadAction","target":["https:\/\/christineturlier.com\/en\/publications\/"]}]},{"@type":"ImageObject","inLanguage":"en-US","@id":"https:\/\/christineturlier.com\/en\/publications\/#primaryimage","url":"https:\/\/christineturlier.com\/wp-content\/uploads\/2018\/12\/Fiducie.jpg","contentUrl":"https:\/\/christineturlier.com\/wp-content\/uploads\/2018\/12\/Fiducie.jpg","width":3000,"height":2000,"caption":"Christine Turlier"},{"@type":"BreadcrumbList","@id":"https:\/\/christineturlier.com\/en\/publications\/#breadcrumb","itemListElement":[{"@type":"ListItem","position":1,"name":"Accueil","item":"https:\/\/christineturlier.com\/en\/accueil\/"},{"@type":"ListItem","position":2,"name":"Publications"}]},{"@type":"WebSite","@id":"https:\/\/christineturlier.com\/#website","url":"https:\/\/christineturlier.com\/","name":"Christine Turlier &amp; Partners","description":"droit patrimonial","publisher":{"@id":"https:\/\/christineturlier.com\/#organization"},"potentialAction":[{"@type":"SearchAction","target":{"@type":"EntryPoint","urlTemplate":"https:\/\/christineturlier.com\/?s={search_term_string}"},"query-input":{"@type":"PropertyValueSpecification","valueRequired":true,"valueName":"search_term_string"}}],"inLanguage":"en-US"},{"@type":"Organization","@id":"https:\/\/christineturlier.com\/#organization","name":"Christine Turlier & Partners","url":"https:\/\/christineturlier.com\/","logo":{"@type":"ImageObject","inLanguage":"en-US","@id":"https:\/\/christineturlier.com\/#\/schema\/logo\/image\/","url":"https:\/\/christineturlier.com\/wp-content\/uploads\/2020\/06\/Christine-Turlier-Partners.png","contentUrl":"https:\/\/christineturlier.com\/wp-content\/uploads\/2020\/06\/Christine-Turlier-Partners.png","width":633,"height":633,"caption":"Christine Turlier & Partners"},"image":{"@id":"https:\/\/christineturlier.com\/#\/schema\/logo\/image\/"}}]}},"_links":{"self":[{"href":"https:\/\/christineturlier.com\/en\/wp-json\/wp\/v2\/pages\/133","targetHints":{"allow":["GET"]}}],"collection":[{"href":"https:\/\/christineturlier.com\/en\/wp-json\/wp\/v2\/pages"}],"about":[{"href":"https:\/\/christineturlier.com\/en\/wp-json\/wp\/v2\/types\/page"}],"author":[{"embeddable":true,"href":"https:\/\/christineturlier.com\/en\/wp-json\/wp\/v2\/users\/1"}],"replies":[{"embeddable":true,"href":"https:\/\/christineturlier.com\/en\/wp-json\/wp\/v2\/comments?post=133"}],"version-history":[{"count":1,"href":"https:\/\/christineturlier.com\/en\/wp-json\/wp\/v2\/pages\/133\/revisions"}],"predecessor-version":[{"id":431,"href":"https:\/\/christineturlier.com\/en\/wp-json\/wp\/v2\/pages\/133\/revisions\/431"}],"wp:featuredmedia":[{"embeddable":true,"href":"https:\/\/christineturlier.com\/en\/wp-json\/wp\/v2\/media\/512"}],"wp:attachment":[{"href":"https:\/\/christineturlier.com\/en\/wp-json\/wp\/v2\/media?parent=133"}],"curies":[{"name":"wp","href":"https:\/\/api.w.org\/{rel}","templated":true}]}}